{"id":1744,"date":"2022-12-20T18:32:02","date_gmt":"2022-12-20T16:32:02","guid":{"rendered":"https:\/\/tts.swiss\/?page_id=1744"},"modified":"2022-12-20T18:40:04","modified_gmt":"2022-12-20T16:40:04","slug":"kundenspezifische-teile","status":"publish","type":"page","link":"https:\/\/tts.swiss\/index.php\/de\/kundenspezifische-teile\/","title":{"rendered":"Kundenspezifische Teile"},"content":{"rendered":"<p>[et_pb_section fb_built=&#8220;1&#8243; _builder_version=&#8220;4.16&#8243; global_colors_info=&#8220;{}&#8220;][et_pb_row _builder_version=&#8220;4.17.6&#8243; width=&#8220;79.9%&#8220; module_alignment=&#8220;center&#8220; custom_margin=&#8220;-50px||-60px||false|false&#8220; custom_margin_tablet=&#8220;||-80px||false|false&#8220; custom_margin_last_edited=&#8220;off|phone&#8220; custom_padding=&#8220;||0px||false|false&#8220; global_colors_info=&#8220;{}&#8220;][et_pb_column type=&#8220;4_4&#8243; _builder_version=&#8220;4.16&#8243; global_colors_info=&#8220;{}&#8220;][et_pb_text admin_label=&#8220;Customized parts &#8211; Titel text&#8220; _builder_version=&#8220;4.19.4&#8243; text_text_color=&#8220;rgba(0,0,0,0)&#8220; global_colors_info=&#8220;{}&#8220;]<\/p>\n<h1 class=\"entry-title\"><span style=\"color: rgba(0, 0, 0, 0.6);\"><strong>Kundenspezifische Teile<\/strong><\/span><\/h1>\n<p>[\/et_pb_text][et_pb_text admin_label=&#8220;Customized parts text: TTS is your procurement specialist and&#8230;&#8220; _builder_version=&#8220;4.19.4&#8243; global_colors_info=&#8220;{}&#8220;]<\/p>\n<p>TTS ist Ihr Beschaffungsspezialist und weltweiter Lieferant f\u00fcr standardisierte und kundenspezifische elektronische, technische, mechanische und hybride Komponenten, Systeme, Baugruppen und Werkzeuge.<\/p>\n<p>[\/et_pb_text][et_pb_text admin_label=&#8220;Customized parts text 2: Our goal: Cost-effective&#8230;&#8220; _builder_version=&#8220;4.19.4&#8243; hover_enabled=&#8220;0&#8243; global_colors_info=&#8220;{}&#8220; sticky_enabled=&#8220;0&#8243;]<\/p>\n<p>Unser Ziel: Kosteng\u00fcnstige Beschaffung und \/oder Produktion von qualitativ hochwertigen Einzelteilen und Baugruppen exakt nach Ihren Vorgaben.<\/p>\n<p>[\/et_pb_text][et_pb_text admin_label=&#8220;Customized parts Titel 2 nach text: A small selection of our possibilities:&#8220; _builder_version=&#8220;4.19.4&#8243; custom_margin=&#8220;40px||0px||false|false&#8220; global_colors_info=&#8220;{}&#8220;]<\/p>\n<h3><span style=\"color: rgba(0, 0, 0, 0.6);\"><strong>Eine kleine Auswahl kundenspezifischer Teile:<\/strong><\/span><\/h3>\n<p>[\/et_pb_text][et_pb_divider color=&#8220;rgba(0,0,0,0.6)&#8220; _builder_version=&#8220;4.16&#8243; min_height=&#8220;13px&#8220; custom_padding=&#8220;||1px|||&#8220; global_colors_info=&#8220;{}&#8220;][\/et_pb_divider][\/et_pb_column][\/et_pb_row][et_pb_row _builder_version=&#8220;4.17.6&#8243; background_size=&#8220;initial&#8220; background_position=&#8220;top_left&#8220; background_repeat=&#8220;repeat&#8220; module_alignment=&#8220;center&#8220; custom_margin=&#8220;|218px||auto||&#8220; global_colors_info=&#8220;{}&#8220;][et_pb_column type=&#8220;4_4&#8243; _builder_version=&#8220;4.16&#8243; custom_padding=&#8220;|||&#8220; global_colors_info=&#8220;{}&#8220; custom_padding__hover=&#8220;|||&#8220;][et_pb_text admin_label=&#8220;Medien &#8211; %22Aluminium parts%22 Foto mit Text&#8220; _builder_version=&#8220;4.19.4&#8243; background_size=&#8220;initial&#8220; background_position=&#8220;top_left&#8220; background_repeat=&#8220;repeat&#8220; min_height=&#8220;151px&#8220; custom_margin=&#8220;0px||-20px||false|false&#8220; global_colors_info=&#8220;{}&#8220;]<\/p>\n<div class=\"wp-block-media-text alignwide is-stacked-on-mobile\">\n<figure class=\"wp-block-media-text__media\"><\/figure>\n<div class=\"wp-block-media-text__content\">\n<p><!-- divi:paragraph {\"align\":\"center\",\"placeholder\":\"Inhalt...\",\"backgroundColor\":\"very-light-gray\"} --><\/p>\n<p><strong>ALUMINIUMTEILE:<\/strong><br \/>Teile, die mit Leichtigkeit \u00fcberzeugen<\/p>\n<p>Neben Druck-, Kokillen- und Sandguss stellen wir auch Schmiede-, Dreh- und Fr\u00e4steile aus Aluminium her, selbstverst\u00e4ndlich inklusive individueller Weiterverarbeitung der Teile wie Eloxieren, Pulverbeschichten, Verchromen, etc.<\/p>\n<\/div>\n<\/div>\n<p><!-- \/divi:media-text --><\/p>\n<p>[\/et_pb_text][et_pb_gallery gallery_ids=&#8220;861,382,359&#8243; _builder_version=&#8220;4.19.4&#8243; _module_preset=&#8220;default&#8220; global_colors_info=&#8220;{}&#8220;][\/et_pb_gallery][et_pb_divider color=&#8220;rgba(0,0,0,0.6)&#8220; _builder_version=&#8220;4.16&#8243; custom_margin=&#8220;2px||||false|false&#8220; custom_margin_tablet=&#8220;&#8220; custom_margin_phone=&#8220;&#8220; custom_margin_last_edited=&#8220;on|desktop&#8220; global_colors_info=&#8220;{}&#8220;][\/et_pb_divider][et_pb_text admin_label=&#8220;Medien &#8211; %22Components assembly%22 Foto mit Text&#8220; _builder_version=&#8220;4.19.4&#8243; background_size=&#8220;initial&#8220; background_position=&#8220;top_left&#8220; background_repeat=&#8220;repeat&#8220; custom_margin=&#8220;-20px||-20px||false|false&#8220; custom_padding=&#8220;||0px|||&#8220; global_colors_info=&#8220;{}&#8220;]<\/p>\n<div class=\"wp-block-media-text alignwide is-stacked-on-mobile\">\n<figure class=\"wp-block-media-text__media\"><\/figure>\n<p><strong>MONTAGE VON BAUTEILEN:<\/strong><\/p>\n<p>Zusammenbau von Spritzgussteilen zu komplexen Baugruppen sowie Montages\u00e4tze inkl. Verpackung.<\/p>\n<p>Die Baugruppen werden durch Kleben, Schnappen, Pressen, Verschrauben, Spiegelschwei\u00dfen und Ultraschallschwei\u00dfen von Kunststoff- und Metallteilen hergestellt.<\/p>\n<p>Neben der manuellen Montage k\u00f6nnen auch Funktionspr\u00fcfungen nach Ihren Vorgaben durchgef\u00fchrt werden.<\/p>\n<p>Anwendungsbeispiele:<br \/>Abdeckungen, elektrische und\/oder elektronische Bauteile, Kabeleinf\u00fchrungsflansche, Hochspannungswiderst\u00e4nde, diverse Maschinenteile, M\u00f6belverbinder, Stellschrauben.<\/p>\n<p>&nbsp;<\/p>\n<\/div>\n<p><!-- \/divi:media-text -->[\/et_pb_text][et_pb_gallery gallery_ids=&#8220;858,364,352,1602&#8243; _builder_version=&#8220;4.17.6&#8243; _module_preset=&#8220;default&#8220; global_colors_info=&#8220;{}&#8220;][\/et_pb_gallery][et_pb_divider color=&#8220;rgba(0,0,0,0.6)&#8220; _builder_version=&#8220;4.16&#8243; custom_margin=&#8220;1px||||false|false&#8220; custom_margin_tablet=&#8220;&#8220; custom_margin_phone=&#8220;&#8220; custom_margin_last_edited=&#8220;on|desktop&#8220; global_colors_info=&#8220;{}&#8220;][\/et_pb_divider][et_pb_text admin_label=&#8220;Medien &#8211; %22Plastic parts%22 Foto mit Text&#8220; _builder_version=&#8220;4.19.4&#8243; background_size=&#8220;initial&#8220; background_position=&#8220;top_left&#8220; background_repeat=&#8220;repeat&#8220; custom_margin=&#8220;-20px||-20px||false|false&#8220; hover_enabled=&#8220;0&#8243; global_colors_info=&#8220;{}&#8220; sticky_enabled=&#8220;0&#8243;]<\/p>\n<div class=\"wp-block-media-text alignwide is-stacked-on-mobile\">\n<figure class=\"wp-block-media-text__media\"><strong><strong>KUNSTSTOFFTEILE:<\/strong><\/strong>\u00a0<\/p>\n<p>Alles ist m\u00f6glich &#8211; vom einfachen Teil bis zum Mehrkomponenten- und Hybridbauteil.<\/p>\n<p>Die Spritzgusstechnik erm\u00f6glicht nahezu alle Designanforderungen f\u00fcr einfache bis komplexe Kunststoffteile, auch mit anspruchsvollen Oberfl\u00e4chen.<\/p>\n<p>Spritzgie\u00dfverfahren:<\/p>\n<ul>\n<li>2 Komponenten:<br \/>Zwei verschiedene Kunststoffe oder Farben in nur einem Spritzgie\u00dfvorgang<\/li>\n<li>Gasinnendruck:<br \/>Gewichtsreduzierte und wirtschaftlichere Teile durch Kavit\u00e4ten<\/li>\n<li>Verbundwerkstoff-Teile:<br \/>Kombination aus Kunststoff und anderen Materialien<\/li>\n<li>Verschraubungen:<br \/>Kunststoffteile und Formen mit Innen- und Au\u00dfengewinde<\/li>\n<li>Zahnr\u00e4der:<br \/>Hochpr\u00e4zise und robust mit der richtigen Balance zwischen Stabilit\u00e4t, Genauigkeit und Gewichtsreduzierung<\/li>\n<\/ul>\n<\/figure>\n<div class=\"wp-block-media-text__content\"><!-- \/divi:paragraph --><\/div>\n<\/div>\n<p>&nbsp;<\/p>\n<p><!-- \/divi:media-text --><\/p>\n<p>[\/et_pb_text][et_pb_gallery gallery_ids=&#8220;1102,569,360,375&#8243; _builder_version=&#8220;4.17.6&#8243; _module_preset=&#8220;default&#8220; global_colors_info=&#8220;{}&#8220;][\/et_pb_gallery][et_pb_divider color=&#8220;rgba(0,0,0,0.6)&#8220; _builder_version=&#8220;4.16&#8243; custom_margin=&#8220;45px||||false|false&#8220; custom_margin_tablet=&#8220;&#8220; custom_margin_phone=&#8220;&#8220; custom_margin_last_edited=&#8220;on|desktop&#8220; global_colors_info=&#8220;{}&#8220;][\/et_pb_divider][et_pb_text admin_label=&#8220;Medien &#8211; %22Electronic parts%22 Foto mit Text&#8220; _builder_version=&#8220;4.19.4&#8243; background_size=&#8220;initial&#8220; background_position=&#8220;top_left&#8220; background_repeat=&#8220;repeat&#8220; custom_margin=&#8220;-20px||-20px||false|false&#8220; global_colors_info=&#8220;{}&#8220;]<\/p>\n<div class=\"wp-block-media-text alignwide is-stacked-on-mobile\">\n<figure class=\"wp-block-media-text__media\">\n<p><strong>ELEKTRISCHE- UND ELEKTRONISCHE BAUTEILE UND -BAUGRUPPEN:<\/strong><\/p>\n<p>Wir bieten eine breite Palette hochwertiger, kundenspezifischer elektrischer und elektronischer Bauteile und Baugruppen f\u00fcr Industrie, Bahntechnik, Gesundheitswesen, Luftfahrt und Wehrtechnik.<\/p>\n<p>Beispiele f\u00fcr kundenspezifische Produkte:<\/p>\n<ul>\n<li>Diodenbl\u00f6cke<\/li>\n<li>Lastwiderst\u00e4nde<\/li>\n<li>Traktionswiderst\u00e4nde<\/li>\n<li>LED- und Gl\u00fchbirnen-Dimmer<\/li>\n<li>Mess-, Steuer- und<\/li>\n<li>Regelplatinen<\/li>\n<li>Stromversorgungen<\/li>\n<li>Sicherheitsrelais<\/li>\n<li>Sensoren und Steuerungen<\/li>\n<li>Transformatoren<\/li>\n<li>Varistor-Bl\u00f6cke<\/li>\n<li>Spannungsanzeiger<\/li>\n<\/ul>\n<p>&nbsp;<\/p>\n<\/figure>\n<div class=\"wp-block-media-text__content\"><!-- \/divi:paragraph --><\/div>\n<\/div>\n<p><!-- \/divi:media-text -->[\/et_pb_text][et_pb_gallery gallery_ids=&#8220;398,363,362,1664&#8243; _builder_version=&#8220;4.17.6&#8243; _module_preset=&#8220;default&#8220; global_colors_info=&#8220;{}&#8220;][\/et_pb_gallery][\/et_pb_column][\/et_pb_row][\/et_pb_section]<\/p>\n","protected":false},"excerpt":{"rendered":"<p>Kundenspezifische TeileTTS ist Ihr Beschaffungsspezialist und weltweiter Lieferant f\u00fcr standardisierte und kundenspezifische elektronische, technische, mechanische und hybride Komponenten, Systeme, Baugruppen und Werkzeuge.Unser Ziel: Kosteng\u00fcnstige Beschaffung und \/oder Produktion von qualitativ hochwertigen Einzelteilen und Baugruppen exakt nach Ihren Vorgaben.Eine kleine Auswahl kundenspezifischer Teile: ALUMINIUMTEILE:Teile, die mit Leichtigkeit \u00fcberzeugen Neben Druck-, Kokillen- und Sandguss stellen wir auch [&hellip;]<\/p>\n","protected":false},"author":1,"featured_media":0,"parent":0,"menu_order":0,"comment_status":"closed","ping_status":"closed","template":"","meta":{"_et_pb_use_builder":"on","_et_pb_old_content":"","_et_gb_content_width":"","footnotes":""},"class_list":["post-1744","page","type-page","status-publish","hentry"],"yoast_head":"<!-- This site is optimized with the Yoast SEO plugin v27.4 - https:\/\/yoast.com\/product\/yoast-seo-wordpress\/ -->\n<title>Kundenspezifische Teile - TTS - Your procurement specialist<\/title>\n<meta name=\"robots\" content=\"index, follow, max-snippet:-1, max-image-preview:large, max-video-preview:-1\" \/>\n<link rel=\"canonical\" href=\"https:\/\/tts.swiss\/index.php\/de\/kundenspezifische-teile\/\" \/>\n<meta property=\"og:locale\" content=\"de_DE\" \/>\n<meta property=\"og:type\" content=\"article\" \/>\n<meta property=\"og:title\" content=\"Kundenspezifische Teile - TTS - Your procurement specialist\" \/>\n<meta property=\"og:description\" content=\"Kundenspezifische TeileTTS ist Ihr Beschaffungsspezialist und weltweiter Lieferant f\u00fcr standardisierte und kundenspezifische elektronische, technische, mechanische und hybride Komponenten, Systeme, Baugruppen und Werkzeuge.Unser Ziel: Kosteng\u00fcnstige Beschaffung und \/oder Produktion von qualitativ hochwertigen Einzelteilen und Baugruppen exakt nach Ihren Vorgaben.Eine kleine Auswahl kundenspezifischer Teile: ALUMINIUMTEILE:Teile, die mit Leichtigkeit \u00fcberzeugen Neben Druck-, Kokillen- und Sandguss stellen wir auch [&hellip;]\" \/>\n<meta property=\"og:url\" content=\"https:\/\/tts.swiss\/index.php\/de\/kundenspezifische-teile\/\" \/>\n<meta property=\"og:site_name\" content=\"TTS - Your procurement specialist\" \/>\n<meta property=\"article:modified_time\" content=\"2022-12-20T16:40:04+00:00\" \/>\n<meta name=\"twitter:card\" content=\"summary_large_image\" \/>\n<meta name=\"twitter:label1\" content=\"Gesch\u00e4tzte Lesezeit\" \/>\n\t<meta name=\"twitter:data1\" content=\"4\u00a0Minuten\" \/>\n<script type=\"application\/ld+json\" class=\"yoast-schema-graph\">{\"@context\":\"https:\\\/\\\/schema.org\",\"@graph\":[{\"@type\":\"WebPage\",\"@id\":\"https:\\\/\\\/tts.swiss\\\/index.php\\\/de\\\/kundenspezifische-teile\\\/\",\"url\":\"https:\\\/\\\/tts.swiss\\\/index.php\\\/de\\\/kundenspezifische-teile\\\/\",\"name\":\"Kundenspezifische Teile - TTS - Your procurement specialist\",\"isPartOf\":{\"@id\":\"https:\\\/\\\/tts.swiss\\\/#website\"},\"datePublished\":\"2022-12-20T16:32:02+00:00\",\"dateModified\":\"2022-12-20T16:40:04+00:00\",\"breadcrumb\":{\"@id\":\"https:\\\/\\\/tts.swiss\\\/index.php\\\/de\\\/kundenspezifische-teile\\\/#breadcrumb\"},\"inLanguage\":\"de\",\"potentialAction\":[{\"@type\":\"ReadAction\",\"target\":[\"https:\\\/\\\/tts.swiss\\\/index.php\\\/de\\\/kundenspezifische-teile\\\/\"]}]},{\"@type\":\"BreadcrumbList\",\"@id\":\"https:\\\/\\\/tts.swiss\\\/index.php\\\/de\\\/kundenspezifische-teile\\\/#breadcrumb\",\"itemListElement\":[{\"@type\":\"ListItem\",\"position\":1,\"name\":\"Home\",\"item\":\"https:\\\/\\\/tts.swiss\\\/\"},{\"@type\":\"ListItem\",\"position\":2,\"name\":\"Kundenspezifische Teile\"}]},{\"@type\":\"WebSite\",\"@id\":\"https:\\\/\\\/tts.swiss\\\/#website\",\"url\":\"https:\\\/\\\/tts.swiss\\\/\",\"name\":\"TTS - Your procurement specialist\",\"description\":\"for standard and customer-specific parts and assemblies\",\"publisher\":{\"@id\":\"https:\\\/\\\/tts.swiss\\\/#organization\"},\"potentialAction\":[{\"@type\":\"SearchAction\",\"target\":{\"@type\":\"EntryPoint\",\"urlTemplate\":\"https:\\\/\\\/tts.swiss\\\/?s={search_term_string}\"},\"query-input\":{\"@type\":\"PropertyValueSpecification\",\"valueRequired\":true,\"valueName\":\"search_term_string\"}}],\"inLanguage\":\"de\"},{\"@type\":\"Organization\",\"@id\":\"https:\\\/\\\/tts.swiss\\\/#organization\",\"name\":\"TTS - Techno-Trading-Str\u00fcby\",\"url\":\"https:\\\/\\\/tts.swiss\\\/\",\"logo\":{\"@type\":\"ImageObject\",\"inLanguage\":\"de\",\"@id\":\"https:\\\/\\\/tts.swiss\\\/#\\\/schema\\\/logo\\\/image\\\/\",\"url\":\"https:\\\/\\\/tts.swiss\\\/Webpage\\\/wp-content\\\/uploads\\\/2019\\\/09\\\/TTS-Logo-mit-Fluegel.png\",\"contentUrl\":\"https:\\\/\\\/tts.swiss\\\/Webpage\\\/wp-content\\\/uploads\\\/2019\\\/09\\\/TTS-Logo-mit-Fluegel.png\",\"width\":896,\"height\":211,\"caption\":\"TTS - Techno-Trading-Str\u00fcby\"},\"image\":{\"@id\":\"https:\\\/\\\/tts.swiss\\\/#\\\/schema\\\/logo\\\/image\\\/\"}}]}<\/script>\n<!-- \/ Yoast SEO plugin. -->","yoast_head_json":{"title":"Kundenspezifische Teile - TTS - Your procurement specialist","robots":{"index":"index","follow":"follow","max-snippet":"max-snippet:-1","max-image-preview":"max-image-preview:large","max-video-preview":"max-video-preview:-1"},"canonical":"https:\/\/tts.swiss\/index.php\/de\/kundenspezifische-teile\/","og_locale":"de_DE","og_type":"article","og_title":"Kundenspezifische Teile - TTS - Your procurement specialist","og_description":"Kundenspezifische TeileTTS ist Ihr Beschaffungsspezialist und weltweiter Lieferant f\u00fcr standardisierte und kundenspezifische elektronische, technische, mechanische und hybride Komponenten, Systeme, Baugruppen und Werkzeuge.Unser Ziel: Kosteng\u00fcnstige Beschaffung und \/oder Produktion von qualitativ hochwertigen Einzelteilen und Baugruppen exakt nach Ihren Vorgaben.Eine kleine Auswahl kundenspezifischer Teile: ALUMINIUMTEILE:Teile, die mit Leichtigkeit \u00fcberzeugen Neben Druck-, Kokillen- und Sandguss stellen wir auch [&hellip;]","og_url":"https:\/\/tts.swiss\/index.php\/de\/kundenspezifische-teile\/","og_site_name":"TTS - Your procurement specialist","article_modified_time":"2022-12-20T16:40:04+00:00","twitter_card":"summary_large_image","twitter_misc":{"Gesch\u00e4tzte Lesezeit":"4\u00a0Minuten"},"schema":{"@context":"https:\/\/schema.org","@graph":[{"@type":"WebPage","@id":"https:\/\/tts.swiss\/index.php\/de\/kundenspezifische-teile\/","url":"https:\/\/tts.swiss\/index.php\/de\/kundenspezifische-teile\/","name":"Kundenspezifische Teile - TTS - Your procurement specialist","isPartOf":{"@id":"https:\/\/tts.swiss\/#website"},"datePublished":"2022-12-20T16:32:02+00:00","dateModified":"2022-12-20T16:40:04+00:00","breadcrumb":{"@id":"https:\/\/tts.swiss\/index.php\/de\/kundenspezifische-teile\/#breadcrumb"},"inLanguage":"de","potentialAction":[{"@type":"ReadAction","target":["https:\/\/tts.swiss\/index.php\/de\/kundenspezifische-teile\/"]}]},{"@type":"BreadcrumbList","@id":"https:\/\/tts.swiss\/index.php\/de\/kundenspezifische-teile\/#breadcrumb","itemListElement":[{"@type":"ListItem","position":1,"name":"Home","item":"https:\/\/tts.swiss\/"},{"@type":"ListItem","position":2,"name":"Kundenspezifische Teile"}]},{"@type":"WebSite","@id":"https:\/\/tts.swiss\/#website","url":"https:\/\/tts.swiss\/","name":"TTS - Your procurement specialist","description":"for standard and customer-specific parts and assemblies","publisher":{"@id":"https:\/\/tts.swiss\/#organization"},"potentialAction":[{"@type":"SearchAction","target":{"@type":"EntryPoint","urlTemplate":"https:\/\/tts.swiss\/?s={search_term_string}"},"query-input":{"@type":"PropertyValueSpecification","valueRequired":true,"valueName":"search_term_string"}}],"inLanguage":"de"},{"@type":"Organization","@id":"https:\/\/tts.swiss\/#organization","name":"TTS - Techno-Trading-Str\u00fcby","url":"https:\/\/tts.swiss\/","logo":{"@type":"ImageObject","inLanguage":"de","@id":"https:\/\/tts.swiss\/#\/schema\/logo\/image\/","url":"https:\/\/tts.swiss\/Webpage\/wp-content\/uploads\/2019\/09\/TTS-Logo-mit-Fluegel.png","contentUrl":"https:\/\/tts.swiss\/Webpage\/wp-content\/uploads\/2019\/09\/TTS-Logo-mit-Fluegel.png","width":896,"height":211,"caption":"TTS - Techno-Trading-Str\u00fcby"},"image":{"@id":"https:\/\/tts.swiss\/#\/schema\/logo\/image\/"}}]}},"_links":{"self":[{"href":"https:\/\/tts.swiss\/index.php\/wp-json\/wp\/v2\/pages\/1744","targetHints":{"allow":["GET"]}}],"collection":[{"href":"https:\/\/tts.swiss\/index.php\/wp-json\/wp\/v2\/pages"}],"about":[{"href":"https:\/\/tts.swiss\/index.php\/wp-json\/wp\/v2\/types\/page"}],"author":[{"embeddable":true,"href":"https:\/\/tts.swiss\/index.php\/wp-json\/wp\/v2\/users\/1"}],"replies":[{"embeddable":true,"href":"https:\/\/tts.swiss\/index.php\/wp-json\/wp\/v2\/comments?post=1744"}],"version-history":[{"count":7,"href":"https:\/\/tts.swiss\/index.php\/wp-json\/wp\/v2\/pages\/1744\/revisions"}],"predecessor-version":[{"id":1758,"href":"https:\/\/tts.swiss\/index.php\/wp-json\/wp\/v2\/pages\/1744\/revisions\/1758"}],"wp:attachment":[{"href":"https:\/\/tts.swiss\/index.php\/wp-json\/wp\/v2\/media?parent=1744"}],"curies":[{"name":"wp","href":"https:\/\/api.w.org\/{rel}","templated":true}]}}